{"id":158,"date":"2024-01-02T10:31:49","date_gmt":"2024-01-02T09:31:49","guid":{"rendered":"https:\/\/www.alsace-cce.com\/?page_id=158"},"modified":"2024-01-12T15:45:00","modified_gmt":"2024-01-12T14:45:00","slug":"nous-contacter","status":"publish","type":"page","link":"https:\/\/www.alsace-cce.com\/index.php\/nous-contacter\/","title":{"rendered":"Nous contacter"},"content":{"rendered":"<p>[et_pb_section fb_built=\u00a0\u00bb1&Prime; _builder_version=\u00a0\u00bb4.23.4&Prime; _module_preset=\u00a0\u00bbdefault\u00a0\u00bb background_image=\u00a0\u00bbhttps:\/\/www.alsace-cce.com\/wp-content\/uploads\/2024\/01\/hands-with-laptop-and-virtual-world-map-scaled.jpg\u00a0\u00bb height=\u00a0\u00bb420px\u00a0\u00bb hover_enabled=\u00a0\u00bb0&Prime; global_colors_info=\u00a0\u00bb{}\u00a0\u00bb title_text=\u00a0\u00bbCloseup of business woman hand typing on laptop keyboard\u00a0\u00bb sticky_enabled=\u00a0\u00bb0&Prime;][et_pb_row _builder_version=\u00a0\u00bb4.23.3&Prime; _module_preset=\u00a0\u00bbdefault\u00a0\u00bb width=\u00a0\u00bb100%\u00a0\u00bb custom_padding=\u00a0\u00bb85px|||||\u00a0\u00bb global_colors_info=\u00a0\u00bb{}\u00a0\u00bb][et_pb_column type=\u00a0\u00bb4_4&Prime; _builder_version=\u00a0\u00bb4.23.3&Prime; _module_preset=\u00a0\u00bbdefault\u00a0\u00bb global_colors_info=\u00a0\u00bb{}\u00a0\u00bb][et_pb_text _builder_version=\u00a0\u00bb4.23.4&Prime; _module_preset=\u00a0\u00bbdefault\u00a0\u00bb text_text_color=\u00a0\u00bb#003B5E\u00a0\u00bb text_font_size=\u00a0\u00bb53px\u00a0\u00bb width=\u00a0\u00bb74%\u00a0\u00bb width_tablet=\u00a0\u00bb74%\u00a0\u00bb width_phone=\u00a0\u00bb100%\u00a0\u00bb width_last_edited=\u00a0\u00bbon|phone\u00a0\u00bb max_width=\u00a0\u00bb100%\u00a0\u00bb module_alignment=\u00a0\u00bbright\u00a0\u00bb custom_padding_tablet=\u00a0\u00bb\u00a0\u00bb custom_padding_phone=\u00a0\u00bb16px|0px||30%|false|false\u00a0\u00bb custom_padding_last_edited=\u00a0\u00bbon|phone\u00a0\u00bb hover_enabled=\u00a0\u00bb0&Prime; text_font_size_tablet=\u00a0\u00bb47px\u00a0\u00bb text_font_size_phone=\u00a0\u00bb18px\u00a0\u00bb text_font_size_last_edited=\u00a0\u00bbon|phone\u00a0\u00bb text_orientation_tablet=\u00a0\u00bb\u00a0\u00bb text_orientation_phone=\u00a0\u00bbleft\u00a0\u00bb text_orientation_last_edited=\u00a0\u00bbon|phone\u00a0\u00bb global_colors_info=\u00a0\u00bb{}\u00a0\u00bb text_orientation=\u00a0\u00bbcenter\u00a0\u00bb sticky_enabled=\u00a0\u00bb0&Prime;]<\/p>\n<p>&nbsp;<\/p>\n<p>NOUS CONTACTER<\/p>\n<p>&nbsp;<\/p>\n<p>[\/et_pb_text][\/et_pb_column][\/et_pb_row][\/et_pb_section][et_pb_section fb_built=\u00a0\u00bb1&Prime; _builder_version=\u00a0\u00bb4.23.3&Prime; _module_preset=\u00a0\u00bbdefault\u00a0\u00bb global_colors_info=\u00a0\u00bb{}\u00a0\u00bb][et_pb_row column_structure=\u00a0\u00bb1_2,1_2&Prime; _builder_version=\u00a0\u00bb4.23.3&Prime; _module_preset=\u00a0\u00bbdefault\u00a0\u00bb global_colors_info=\u00a0\u00bb{}\u00a0\u00bb][et_pb_column type=\u00a0\u00bb1_2&Prime; _builder_version=\u00a0\u00bb4.23.3&Prime; _module_preset=\u00a0\u00bbdefault\u00a0\u00bb global_colors_info=\u00a0\u00bb{}\u00a0\u00bb][dsm_contact_form_7 cf7_library=\u00a0\u00bb165&Prime; _builder_version=\u00a0\u00bb4.23.4&Prime; _module_preset=\u00a0\u00bbdefault\u00a0\u00bb labels_font=\u00a0\u00bb|600|||||||\u00a0\u00bb labels_text_color=\u00a0\u00bb#004A71&Prime; custom_button_one=\u00a0\u00bbon\u00a0\u00bb button_one_text_color=\u00a0\u00bb#FFFFFF\u00a0\u00bb button_one_bg_color=\u00a0\u00bb#003B5E\u00a0\u00bb button_one_border_width=\u00a0\u00bb3px\u00a0\u00bb button_one_border_radius=\u00a0\u00bb10px\u00a0\u00bb custom_padding=\u00a0\u00bb|5%||5%|false|true\u00a0\u00bb global_colors_info=\u00a0\u00bb{}\u00a0\u00bb][\/dsm_contact_form_7][\/et_pb_column][et_pb_column type=\u00a0\u00bb1_2&Prime; _builder_version=\u00a0\u00bb4.23.3&Prime; _module_preset=\u00a0\u00bbdefault\u00a0\u00bb global_colors_info=\u00a0\u00bb{}\u00a0\u00bb][dsm_blob_image blob_image=\u00a0\u00bbhttps:\/\/www.alsace-cce.com\/wp-content\/uploads\/2024\/01\/le-bureau-alsace-2-scaled-1.jpg\u00a0\u00bb title_text=\u00a0\u00bble-bureau-alsace-2-scaled\u00a0\u00bb blob_shapes=\u00a0\u00bbimage_eleven\u00a0\u00bb blob_title=\u00a0\u00bbComit\u00e9 Grand Est des Conseillers du Commerce ext\u00e9rieur de la France\u00a0\u00bb blob_desc=\u00a0\u00bbBischoffsheim\u00a0\u00bb show_content_hover=\u00a0\u00bbon\u00a0\u00bb image_height=\u00a0\u00bb672px\u00a0\u00bb _builder_version=\u00a0\u00bb4.23.3&Prime; _module_preset=\u00a0\u00bbdefault\u00a0\u00bb title_font=\u00a0\u00bb|800|||||||\u00a0\u00bb title_text_color=\u00a0\u00bb#FFFFFF\u00a0\u00bb title_font_size=\u00a0\u00bb31px\u00a0\u00bb title_line_height=\u00a0\u00bb1.4em\u00a0\u00bb desc_font=\u00a0\u00bb|700|||||||\u00a0\u00bb desc_font_size=\u00a0\u00bb27px\u00a0\u00bb background_color=\u00a0\u00bbRGBA(255,255,255,0)\u00a0\u00bb width=\u00a0\u00bb100%\u00a0\u00bb module_alignment=\u00a0\u00bbcenter\u00a0\u00bb global_colors_info=\u00a0\u00bb{}\u00a0\u00bb][\/dsm_blob_image][\/et_pb_column][\/et_pb_row][\/et_pb_section]<\/p>\n","protected":false},"excerpt":{"rendered":"<p>&nbsp; NOUS CONTACTER &nbsp;<div class=\"et_pb_module dsm_contact_form_7 dsm_contact_form_7_0\">\n\t\t\t\t\n\t\t\t\t\n\t\t\t\t\n\t\t\t\t\n\t\t\t\t\n\t\t\t\t\n\t\t\t\t<div class=\"et_pb_module_inner\">\n\t\t\t\t\t<div class=\"\">\n\t\t\t\t\n<div class=\"wpcf7 no-js\" id=\"wpcf7-f165-o1\" lang=\"fr-FR\" dir=\"ltr\" data-wpcf7-id=\"165\">\n<div class=\"screen-reader-response\"><p role=\"status\" aria-live=\"polite\" aria-atomic=\"true\"><\/p> <ul><\/ul><\/div>\n<form action=\"\/index.php\/wp-json\/wp\/v2\/pages\/158#wpcf7-f165-o1\" method=\"post\" class=\"wpcf7-form init\" aria-label=\"Formulaire de contact\" novalidate=\"novalidate\" data-status=\"init\">\n<div style=\"display: none;\">\n<input type=\"hidden\" name=\"_wpcf7\" value=\"165\" \/>\n<input type=\"hidden\" name=\"_wpcf7_version\" value=\"6.0.2\" \/>\n<input type=\"hidden\" name=\"_wpcf7_locale\" value=\"fr_FR\" \/>\n<input type=\"hidden\" name=\"_wpcf7_unit_tag\" value=\"wpcf7-f165-o1\" \/>\n<input type=\"hidden\" name=\"_wpcf7_container_post\" value=\"0\" \/>\n<input type=\"hidden\" name=\"_wpcf7_posted_data_hash\" value=\"\" \/>\n<\/div>\n<p><label> Nom*<br \/>\n<span class=\"wpcf7-form-control-wrap\" data-name=\"your-name\"><input size=\"40\" maxlength=\"400\" class=\"wpcf7-form-control wpcf7-text wpcf7-validates-as-required\" aria-required=\"true\" aria-invalid=\"false\" value=\"\" type=\"text\" name=\"your-name\" \/><\/span> <\/label>\n<\/p>\n<p><label> Pr\u00e9nom*<br \/>\n<span class=\"wpcf7-form-control-wrap\" data-name=\"your-first-name\"><input size=\"40\" maxlength=\"400\" class=\"wpcf7-form-control wpcf7-text wpcf7-validates-as-required\" aria-required=\"true\" aria-invalid=\"false\" value=\"\" type=\"text\" name=\"your-first-name\" \/><\/span> <\/label>\n<\/p>\n<p><label> E-mail*<br \/>\n<span class=\"wpcf7-form-control-wrap\" data-name=\"your-email\"><input size=\"40\" maxlength=\"400\" class=\"wpcf7-form-control wpcf7-email wpcf7-validates-as-required wpcf7-text wpcf7-validates-as-email\" aria-required=\"true\" aria-invalid=\"false\" value=\"\" type=\"email\" name=\"your-email\" \/><\/span> <\/label>\n<\/p>\n<p><label> T\u00e9l\u00e9phone<br \/>\n<span class=\"wpcf7-form-control-wrap\" data-name=\"your-phone\"><input size=\"40\" maxlength=\"400\" class=\"wpcf7-form-control wpcf7-tel wpcf7-text wpcf7-validates-as-tel\" aria-invalid=\"false\" value=\"\" type=\"tel\" name=\"your-phone\" \/><\/span> <\/label>\n<\/p>\n<p><label> Sujet*<br \/>\n<span class=\"wpcf7-form-control-wrap\" data-name=\"your-subject\"><input size=\"40\" maxlength=\"400\" class=\"wpcf7-form-control wpcf7-text wpcf7-validates-as-required\" aria-required=\"true\" aria-invalid=\"false\" value=\"\" type=\"text\" name=\"your-subject\" \/><\/span> <\/label>\n<\/p>\n<p><label> Message*<br \/>\n<span class=\"wpcf7-form-control-wrap\" data-name=\"your-message\"><textarea cols=\"40\" rows=\"10\" maxlength=\"2000\" class=\"wpcf7-form-control wpcf7-textarea wpcf7-validates-as-required\" aria-required=\"true\" aria-invalid=\"false\" name=\"your-message\"><\/textarea><\/span> <\/label>\n<\/p>\n<p><label><span class=\"wpcf7-form-control-wrap\" data-name=\"checkbox-604\"><span class=\"wpcf7-form-control wpcf7-checkbox\"><\/span><\/span> Oui, je donne mon consentement *<\/label>\n<\/p>\n<p>Informations donn\u00e9es personnelles\n<\/p>\n<p>L\u2019association des conseillers du Commerce ext\u00e9rieur de la France (Les CCE) collecte et traite les donn\u00e9es recueillies dans ce formulaire pour vous fournir les informations ou services que vous avez demand\u00e9s, ou toute autre information g\u00e9n\u00e9rale nous concernant. Les donn\u00e9es sont h\u00e9berg\u00e9es chez notre sous-traitant en France. Les donn\u00e9es marqu\u00e9es d'un ast\u00e9risque dans le questionnaire doivent obligatoirement \u00eatre fournies. Dans le cas contraire, nous ne pourrons pas r\u00e9pondre \u00e0 votre demande. Le recueil de ces donn\u00e9es est bas\u00e9 sur votre consentement. Conform\u00e9ment au R\u00e8glement (UE) 2016\/679 du Parlement europ\u00e9en et du Conseil du 27 avril 2016 relatif \u00e0 la protection des personnes physiques \u00e0 l'\u00e9gard du traitement des donn\u00e9es \u00e0 caract\u00e8re personnel, vous b\u00e9n\u00e9ficiez d\u2019un droit de retrait de votre consentement \u00e0 l\u2019utilisation des donn\u00e9es collect\u00e9es via ce formulaire, et d\u2019un droit d\u2019acc\u00e8s, de rectification et \u00e0 la limitation. Pour exercer vos droits, veuillez envoyer un courrier \u00e9lectronique \u00e0 dpo@cnccef.org. Ces donn\u00e9es sont destin\u00e9es aux services internes des CCE et sont conserv\u00e9es pendant treize (13) mois \u00e0 compter de la date de soumission de ce formulaire incluant le temps de sauvegarde.\n<\/p>\n<p><button class=\"wpcf7-form-control wpcf7-submit has-spinner et_pb_button et_pb_bg_layout_light\" type=\"submit\" value=\"Envoyer\">Envoyer<\/button>\n<\/p><div class=\"wpcf7-response-output\" aria-hidden=\"true\"><\/div>\n<\/form>\n<\/div>\n\n\t\t\t<\/div>\n\t\t\t\t<\/div>\n\t\t\t<\/div><div class=\"et_pb_module dsm_blob_image dsm_blob_image_0\">\n\t\t\t\t\n\t\t\t\t\n\t\t\t\t\n\t\t\t\t\n\t\t\t\t\n\t\t\t\t\n\t\t\t\t<div class=\"et_pb_module_inner\">\n\t\t\t\t\t<div class=\"dsm_blob_image_wrap dsm_blob_image_eleven dsm_blob_image_content_hover\">\n\t\t\t\t<img decoding=\"async\" src=\"https:\/\/www.alsace-cce.com\/wp-content\/uploads\/2024\/01\/le-bureau-alsace-2-scaled-1.jpg\" alt=\"\" title=\"le-bureau-alsace-2-scaled\" srcset=\"https:\/\/www.alsace-cce.com\/wp-content\/uploads\/2024\/01\/le-bureau-alsace-2-scaled-1.jpg 2560w, https:\/\/www.alsace-cce.com\/wp-content\/uploads\/2024\/01\/le-bureau-alsace-2-scaled-1-1280x854.jpg 1280w, https:\/\/www.alsace-cce.com\/wp-content\/uploads\/2024\/01\/le-bureau-alsace-2-scaled-1-980x653.jpg 980w, https:\/\/www.alsace-cce.com\/wp-content\/uploads\/2024\/01\/le-bureau-alsace-2-scaled-1-480x320.jpg 480w\" sizes=\"(min-width: 0px) and (max-width: 480px) 480px, (min-width: 481px) and (max-width: 980px) 980px, (min-width: 981px) and (max-width: 1280px) 1280px, (min-width: 1281px) 2560px, 100vw\" class=\"dsm_blob_image_img\" \/>\n\t\t\t\t<div class=\"dsm_blob_overlay_wrapper\">\n\t\t\t\t<div class=\"dsm_blob_overlay_text\">\n\t\t\t\t<h3 class=\"dsm_blob_title\">Comit\u00e9 Grand Est des Conseillers du Commerce ext\u00e9rieur de la France<\/h3>\n\t\t\t\t<div class=\"dsm_blob_description\">Bischoffsheim<\/div>\n\t\t\t\t<\/div>\n\t\t\t<\/div>\t\n\t\t\t<\/div>\n\t\t\t\t<\/div>\n\t\t\t<\/div><\/p>\n","protected":false},"author":1,"featured_media":0,"parent":0,"menu_order":0,"comment_status":"closed","ping_status":"closed","template":"","meta":{"_et_pb_use_builder":"on","_et_pb_old_content":"","_et_gb_content_width":"","footnotes":""},"class_list":["post-158","page","type-page","status-publish","hentry"],"yoast_head":"<!-- This site is optimized with the Yoast SEO plugin v24.2 - https:\/\/yoast.com\/wordpress\/plugins\/seo\/ -->\n<title>Nous contacter - grandestcnccef<\/title>\n<meta name=\"robots\" content=\"index, follow, max-snippet:-1, max-image-preview:large, max-video-preview:-1\" \/>\n<link rel=\"canonical\" href=\"https:\/\/www.alsace-cce.com\/index.php\/nous-contacter\/\" \/>\n<meta property=\"og:locale\" content=\"fr_FR\" \/>\n<meta property=\"og:type\" content=\"article\" \/>\n<meta property=\"og:title\" content=\"Nous contacter - grandestcnccef\" \/>\n<meta property=\"og:description\" content=\"&nbsp; NOUS CONTACTER &nbsp;\" \/>\n<meta property=\"og:url\" content=\"https:\/\/www.alsace-cce.com\/index.php\/nous-contacter\/\" \/>\n<meta property=\"og:site_name\" content=\"grandestcnccef\" \/>\n<meta property=\"article:modified_time\" content=\"2024-01-12T14:45:00+00:00\" \/>\n<meta name=\"twitter:card\" content=\"summary_large_image\" \/>\n<meta name=\"twitter:label1\" content=\"Dur\u00e9e de lecture estim\u00e9e\" \/>\n\t<meta name=\"twitter:data1\" content=\"2 minutes\" \/>\n<script type=\"application\/ld+json\" class=\"yoast-schema-graph\">{\"@context\":\"https:\/\/schema.org\",\"@graph\":[{\"@type\":\"WebPage\",\"@id\":\"https:\/\/www.alsace-cce.com\/index.php\/nous-contacter\/\",\"url\":\"https:\/\/www.alsace-cce.com\/index.php\/nous-contacter\/\",\"name\":\"Nous contacter - grandestcnccef\",\"isPartOf\":{\"@id\":\"https:\/\/www.alsace-cce.com\/#website\"},\"datePublished\":\"2024-01-02T09:31:49+00:00\",\"dateModified\":\"2024-01-12T14:45:00+00:00\",\"breadcrumb\":{\"@id\":\"https:\/\/www.alsace-cce.com\/index.php\/nous-contacter\/#breadcrumb\"},\"inLanguage\":\"fr-FR\",\"potentialAction\":[{\"@type\":\"ReadAction\",\"target\":[\"https:\/\/www.alsace-cce.com\/index.php\/nous-contacter\/\"]}]},{\"@type\":\"BreadcrumbList\",\"@id\":\"https:\/\/www.alsace-cce.com\/index.php\/nous-contacter\/#breadcrumb\",\"itemListElement\":[{\"@type\":\"ListItem\",\"position\":1,\"name\":\"Accueil\",\"item\":\"https:\/\/www.alsace-cce.com\/\"},{\"@type\":\"ListItem\",\"position\":2,\"name\":\"Nous contacter\"}]},{\"@type\":\"WebSite\",\"@id\":\"https:\/\/www.alsace-cce.com\/#website\",\"url\":\"https:\/\/www.alsace-cce.com\/\",\"name\":\"grandestcnccef\",\"description\":\"\",\"publisher\":{\"@id\":\"https:\/\/www.alsace-cce.com\/#organization\"},\"potentialAction\":[{\"@type\":\"SearchAction\",\"target\":{\"@type\":\"EntryPoint\",\"urlTemplate\":\"https:\/\/www.alsace-cce.com\/?s={search_term_string}\"},\"query-input\":{\"@type\":\"PropertyValueSpecification\",\"valueRequired\":true,\"valueName\":\"search_term_string\"}}],\"inLanguage\":\"fr-FR\"},{\"@type\":\"Organization\",\"@id\":\"https:\/\/www.alsace-cce.com\/#organization\",\"name\":\"CCE ALSACE\",\"url\":\"https:\/\/www.alsace-cce.com\/\",\"logo\":{\"@type\":\"ImageObject\",\"inLanguage\":\"fr-FR\",\"@id\":\"https:\/\/www.alsace-cce.com\/#\/schema\/logo\/image\/\",\"url\":\"https:\/\/www.alsace-cce.com\/wp-content\/uploads\/2024\/02\/logo-cce.png\",\"contentUrl\":\"https:\/\/www.alsace-cce.com\/wp-content\/uploads\/2024\/02\/logo-cce.png\",\"width\":256,\"height\":309,\"caption\":\"CCE ALSACE\"},\"image\":{\"@id\":\"https:\/\/www.alsace-cce.com\/#\/schema\/logo\/image\/\"}}]}<\/script>\n<!-- \/ Yoast SEO plugin. -->","yoast_head_json":{"title":"Nous contacter - grandestcnccef","robots":{"index":"index","follow":"follow","max-snippet":"max-snippet:-1","max-image-preview":"max-image-preview:large","max-video-preview":"max-video-preview:-1"},"canonical":"https:\/\/www.alsace-cce.com\/index.php\/nous-contacter\/","og_locale":"fr_FR","og_type":"article","og_title":"Nous contacter - grandestcnccef","og_description":"&nbsp; NOUS CONTACTER &nbsp;","og_url":"https:\/\/www.alsace-cce.com\/index.php\/nous-contacter\/","og_site_name":"grandestcnccef","article_modified_time":"2024-01-12T14:45:00+00:00","twitter_card":"summary_large_image","twitter_misc":{"Dur\u00e9e de lecture estim\u00e9e":"2 minutes"},"schema":{"@context":"https:\/\/schema.org","@graph":[{"@type":"WebPage","@id":"https:\/\/www.alsace-cce.com\/index.php\/nous-contacter\/","url":"https:\/\/www.alsace-cce.com\/index.php\/nous-contacter\/","name":"Nous contacter - grandestcnccef","isPartOf":{"@id":"https:\/\/www.alsace-cce.com\/#website"},"datePublished":"2024-01-02T09:31:49+00:00","dateModified":"2024-01-12T14:45:00+00:00","breadcrumb":{"@id":"https:\/\/www.alsace-cce.com\/index.php\/nous-contacter\/#breadcrumb"},"inLanguage":"fr-FR","potentialAction":[{"@type":"ReadAction","target":["https:\/\/www.alsace-cce.com\/index.php\/nous-contacter\/"]}]},{"@type":"BreadcrumbList","@id":"https:\/\/www.alsace-cce.com\/index.php\/nous-contacter\/#breadcrumb","itemListElement":[{"@type":"ListItem","position":1,"name":"Accueil","item":"https:\/\/www.alsace-cce.com\/"},{"@type":"ListItem","position":2,"name":"Nous contacter"}]},{"@type":"WebSite","@id":"https:\/\/www.alsace-cce.com\/#website","url":"https:\/\/www.alsace-cce.com\/","name":"grandestcnccef","description":"","publisher":{"@id":"https:\/\/www.alsace-cce.com\/#organization"},"potentialAction":[{"@type":"SearchAction","target":{"@type":"EntryPoint","urlTemplate":"https:\/\/www.alsace-cce.com\/?s={search_term_string}"},"query-input":{"@type":"PropertyValueSpecification","valueRequired":true,"valueName":"search_term_string"}}],"inLanguage":"fr-FR"},{"@type":"Organization","@id":"https:\/\/www.alsace-cce.com\/#organization","name":"CCE ALSACE","url":"https:\/\/www.alsace-cce.com\/","logo":{"@type":"ImageObject","inLanguage":"fr-FR","@id":"https:\/\/www.alsace-cce.com\/#\/schema\/logo\/image\/","url":"https:\/\/www.alsace-cce.com\/wp-content\/uploads\/2024\/02\/logo-cce.png","contentUrl":"https:\/\/www.alsace-cce.com\/wp-content\/uploads\/2024\/02\/logo-cce.png","width":256,"height":309,"caption":"CCE ALSACE"},"image":{"@id":"https:\/\/www.alsace-cce.com\/#\/schema\/logo\/image\/"}}]}},"_links":{"self":[{"href":"https:\/\/www.alsace-cce.com\/index.php\/wp-json\/wp\/v2\/pages\/158","targetHints":{"allow":["GET"]}}],"collection":[{"href":"https:\/\/www.alsace-cce.com\/index.php\/wp-json\/wp\/v2\/pages"}],"about":[{"href":"https:\/\/www.alsace-cce.com\/index.php\/wp-json\/wp\/v2\/types\/page"}],"author":[{"embeddable":true,"href":"https:\/\/www.alsace-cce.com\/index.php\/wp-json\/wp\/v2\/users\/1"}],"replies":[{"embeddable":true,"href":"https:\/\/www.alsace-cce.com\/index.php\/wp-json\/wp\/v2\/comments?post=158"}],"version-history":[{"count":16,"href":"https:\/\/www.alsace-cce.com\/index.php\/wp-json\/wp\/v2\/pages\/158\/revisions"}],"predecessor-version":[{"id":483,"href":"https:\/\/www.alsace-cce.com\/index.php\/wp-json\/wp\/v2\/pages\/158\/revisions\/483"}],"wp:attachment":[{"href":"https:\/\/www.alsace-cce.com\/index.php\/wp-json\/wp\/v2\/media?parent=158"}],"curies":[{"name":"wp","href":"https:\/\/api.w.org\/{rel}","templated":true}]}}